{"id":425,"date":"2013-10-13T12:24:10","date_gmt":"2013-10-13T10:24:10","guid":{"rendered":"http:\/\/www.ttc-wollerau.ch\/?page_id=425"},"modified":"2023-08-16T16:45:35","modified_gmt":"2023-08-16T14:45:35","slug":"termine-2","status":"publish","type":"page","link":"https:\/\/www.ttc-wollerau.ch\/?page_id=425","title":{"rendered":"Termine 2023\/24"},"content":{"rendered":"\n<p><\/p>\n\n\n\n<h3 class=\"wp-block-heading\">Clubtermine<\/h3>\n\n\n\n<p><\/p>\n\n\n\n<figure class=\"wp-block-table is-style-stripes\"><table class=\"has-fixed-layout\"><tbody><tr><td><strong>Wann<\/strong><\/td><td><strong>Was<\/strong><\/td><td><strong>Wo<\/strong><\/td><\/tr><tr><td>F\u00e4llt aus Hallenrenovation<\/td><td>Plauschturnier<\/td><td>Turnhalle MPS Riedmatt<\/td><\/tr><tr><td>F\u00e4llt aus Hallenrenovation<\/td><td>H\u00f6fner-Cup<\/td><td>Turnhalle MPS Riedmatt<\/td><\/tr><tr><td>April 2024<\/td><td>Clubmeisterschaft<\/td><td>Turnhalle MPS Runggelmatt<\/td><\/tr><tr><td>Juni 2024<\/td><td>Generalversammlung<\/td><td>voraussichtlich Rest. Verenahof<\/td><\/tr><tr><td><\/td><td><\/td><td><\/td><\/tr><\/tbody><\/table><\/figure>\n\n\n\n<p><\/p>\n\n\n\n<h3 class=\"wp-block-heading\">Schulferien<\/h3>\n\n\n\n<p><\/p>\n\n\n\n<figure class=\"wp-block-table is-style-stripes\"><table class=\"has-fixed-layout\"><tbody><tr><td>&nbsp;<\/td><td><strong>Letzer Schultag<\/strong><\/td><td><strong>Erster Schultag<\/strong><\/td><\/tr><tr><td>Sommerferien<\/td><td>&nbsp;<\/td><td>16.08.2023<\/td><\/tr><tr><td>Herbstferien<\/td><td>01.10.2023<\/td><td>16.10.2023<\/td><\/tr><tr><td>Weihnachten<\/td><td>24.12.2023<\/td><td>08.01.2024<\/td><\/tr><tr><td>Sportferien<\/td><td>25.02.2024<\/td><td>11.03.2024<\/td><\/tr><tr><td>Fr\u00fchlingsferien<\/td><td>28.04.2024<\/td><td>13.05.2024<\/td><\/tr><tr><td>Sommerferien<\/td><td>07.07.2024<\/td><td>&nbsp;<\/td><\/tr><\/tbody><\/table><\/figure>\n\n\n\n<p><\/p>\n\n\n\n<h3 class=\"wp-block-heading\"><strong>Halle geschlossen<\/strong><\/h3>\n\n\n\n<p><\/p>\n","protected":false},"excerpt":{"rendered":"<p>Clubtermine Wann Was Wo F\u00e4llt aus Hallenrenovation Plauschturnier Turnhalle MPS Riedmatt F\u00e4llt aus Hallenrenovation H\u00f6fner-Cup Turnhalle MPS Riedmatt April 2024 Clubmeisterschaft Turnhalle MPS Runggelmatt Juni 2024 Generalversammlung voraussichtlich Rest. Verenahof Schulferien &nbsp; Letzer Schultag Erster Schultag Sommerferien &nbsp; 16.08.2023 Herbstferien 01.10.2023 16.10.2023 Weihnachten 24.12.2023 08.01.2024 Sportferien 25.02.2024 11.03.2024 Fr\u00fchlingsferien 28.04.2024 13.05.2024 Sommerferien 07.07.2024 &nbsp; Halle [&hellip;]<\/p>\n","protected":false},"author":8,"featured_media":0,"parent":0,"menu_order":0,"comment_status":"closed","ping_status":"open","template":"","meta":{"ngg_post_thumbnail":0,"footnotes":""},"_links":{"self":[{"href":"https:\/\/www.ttc-wollerau.ch\/index.php?rest_route=\/wp\/v2\/pages\/425"}],"collection":[{"href":"https:\/\/www.ttc-wollerau.ch\/index.php?rest_route=\/wp\/v2\/pages"}],"about":[{"href":"https:\/\/www.ttc-wollerau.ch\/index.php?rest_route=\/wp\/v2\/types\/page"}],"author":[{"embeddable":true,"href":"https:\/\/www.ttc-wollerau.ch\/index.php?rest_route=\/wp\/v2\/users\/8"}],"replies":[{"embeddable":true,"href":"https:\/\/www.ttc-wollerau.ch\/index.php?rest_route=%2Fwp%2Fv2%2Fcomments&post=425"}],"version-history":[{"count":35,"href":"https:\/\/www.ttc-wollerau.ch\/index.php?rest_route=\/wp\/v2\/pages\/425\/revisions"}],"predecessor-version":[{"id":1319,"href":"https:\/\/www.ttc-wollerau.ch\/index.php?rest_route=\/wp\/v2\/pages\/425\/revisions\/1319"}],"wp:attachment":[{"href":"https:\/\/www.ttc-wollerau.ch\/index.php?rest_route=%2Fwp%2Fv2%2Fmedia&parent=425"}],"curies":[{"name":"wp","href":"https:\/\/api.w.org\/{rel}","templated":true}]}}