{"id":9,"date":"2012-01-06T12:48:42","date_gmt":"2012-01-06T12:48:42","guid":{"rendered":"http:\/\/www.ttc-wollerau.ch\/?page_id=9"},"modified":"2023-08-16T16:14:07","modified_gmt":"2023-08-16T14:14:07","slug":"club-info","status":"publish","type":"page","link":"https:\/\/www.ttc-wollerau.ch\/?page_id=9","title":{"rendered":"Club-Info"},"content":{"rendered":"\n<p><\/p>\n\n\n<h3 style=\"text-align: center;\">Tischtennisclub Wollerau<\/h3>\n<h5 style=\"text-align: center;\">Gegr\u00fcndet 1972<\/h5>\n<h4><strong>Vorstand<\/strong><\/h4>\n<p style=\"padding-left: 30px;\"><span style=\"color: #000000;\">Pr\u00e4sident: <a href=\"m&#97;&#x69;&#x6c;t&#111;&#x3a;&#x70;r&#97;&#x65;&#x73;i&#100;&#x65;&#x6e;t&#64;&#x74;&#x74;c&#45;&#119;&#x6f;&#x6c;l&#101;&#x72;&#x61;u&#46;&#x63;&#x68;\">Paul Dekanov<\/a><\/span><\/p>\n<p style=\"padding-left: 30px;\"><span style=\"color: #000000;\">Finanzen: <a href=\"&#109;&#x61;i&#x6c;&#x74;&#111;&#x3a;f&#105;&#x6e;&#97;&#x6e;z&#101;&#x6e;&#64;&#x74;t&#99;&#x2d;w&#x6f;&#x6c;&#108;&#x65;r&#97;&#x75;&#46;&#x63;h\">Fabian Wermelinger<\/a><\/span><\/p>\n<p style=\"padding-left: 30px;\"><span style=\"color: #000000;\">TK Chef: <a href=\"mail&#116;&#111;&#58;&#116;&#107;&#x40;&#x74;&#x74;&#x63;&#x2d;&#x77;&#x6f;ller&#97;&#117;&#46;&#99;&#104;\">Eric dal Moro<\/a><\/span><\/p>\n<p style=\"padding-left: 30px;\"><span style=\"color: #000000;\">Material: <a href=\"&#x6d;&#x61;&#x69;&#108;&#116;&#111;:m&#x61;&#x74;&#x65;&#x72;&#105;&#97;l&#64;&#x74;&#x74;&#x63;&#x2d;&#119;&#111;ll&#x65;&#x72;&#x61;&#x75;&#46;&#99;&#104;\"><span style=\"color: #000000;\">Karl Kora<\/span><\/a> <\/span><\/p>\n<p>\u00a0<\/p>\n<h4><strong>Trainer<\/strong><\/h4>\n<p style=\"padding-left: 30px;\"><span style=\"color: #000000;\">Carlos Majia, J+S Diplomtrainer C<br \/><\/span><\/p>\n<p style=\"padding-left: 30px;\"><span style=\"color: #000000;\">Stefan K\u00fcttel, J+S Coach, J+S Diplomtrainer B<\/span><\/p>\n<p>\u00a0<\/p>\n<h4><strong>Trainingszeiten<\/strong><\/h4>\n<p style=\"padding-left: 30px;\">Montag Turnhalle Runggelmatt 18:30 bis 19:30 Nachwuchs und 19:30 bis 22:00 Erwachsene<\/p>\n<h4><strong>Anfahrt : Auto<\/strong><\/h4>\n<p style=\"padding-left: 30px;\">Ab der Autobahn A3, Ausfahrt Wollerau bis zum Kreisel in der Dorfmitte. Danach erste Aufahrt (rechts) \u00fcber den Bahn\u00fcbergang. Unmittelbar nach dem Bahn\u00fcbergang liegt das Parkhaus auf der linken Seite.<\/p>\n<p style=\"padding-left: 30px;\">\u00a0<\/p>\n<h4><strong>Anfahrt \u00d6ffentliche Verkehrsmittel<\/strong><\/h4>\n<p style=\"padding-left: 30px;\">Zug bis Richterswil und danach mit dem Bus Nr. 175 oder Nr. 176 bis zur Haltestelle Dorfplatz. Dann den Bahn\u00fcbergang neben der B\u00e4ckerei W\u00fcst \u00fcberqueren und di Strasse \u00fcberqueren und die Auffahrt zur Halle hinunterlaufen.<\/p>\n<h4>Standort der Halle<\/h4>\n<p>Turnhalle Runggelmatt, Runggelmatt 4, 8832 Wollerau<\/p>\n<p><a href=\"http:\/\/www.ttc-wollerau.ch\/wp-content\/uploads\/2023\/08\/Halle-Runggelmatt-1.jpg\"><img loading=\"lazy\" decoding=\"async\" class=\"alignnone  wp-image-1310\" src=\"http:\/\/www.ttc-wollerau.ch\/wp-content\/uploads\/2023\/08\/Halle-Runggelmatt-1-300x295.jpg\" alt=\"\" width=\"423\" height=\"416\" srcset=\"https:\/\/www.ttc-wollerau.ch\/wp-content\/uploads\/2023\/08\/Halle-Runggelmatt-1-300x295.jpg 300w, https:\/\/www.ttc-wollerau.ch\/wp-content\/uploads\/2023\/08\/Halle-Runggelmatt-1-1024x1008.jpg 1024w, https:\/\/www.ttc-wollerau.ch\/wp-content\/uploads\/2023\/08\/Halle-Runggelmatt-1-768x756.jpg 768w, https:\/\/www.ttc-wollerau.ch\/wp-content\/uploads\/2023\/08\/Halle-Runggelmatt-1-83x83.jpg 83w, https:\/\/www.ttc-wollerau.ch\/wp-content\/uploads\/2023\/08\/Halle-Runggelmatt-1.jpg 1100w\" sizes=\"(max-width: 423px) 100vw, 423px\" \/><\/a><\/p>","protected":false},"excerpt":{"rendered":"<p>Tischtennisclub Wollerau Gegr\u00fcndet 1972 Vorstand Pr\u00e4sident: Paul Dekanov Finanzen: Fabian Wermelinger TK Chef: Eric dal Moro Material: Karl Kora \u00a0 Trainer Carlos Majia, J+S Diplomtrainer C Stefan K\u00fcttel, J+S Coach, J+S Diplomtrainer B \u00a0 Trainingszeiten Montag Turnhalle Runggelmatt 18:30 bis 19:30 Nachwuchs und 19:30 bis 22:00 Erwachsene Anfahrt : Auto Ab der Autobahn A3, Ausfahrt [&hellip;]<\/p>\n","protected":false},"author":1,"featured_media":0,"parent":0,"menu_order":0,"comment_status":"open","ping_status":"open","template":"page-full.php","meta":{"ngg_post_thumbnail":0,"footnotes":""},"_links":{"self":[{"href":"https:\/\/www.ttc-wollerau.ch\/index.php?rest_route=\/wp\/v2\/pages\/9"}],"collection":[{"href":"https:\/\/www.ttc-wollerau.ch\/index.php?rest_route=\/wp\/v2\/pages"}],"about":[{"href":"https:\/\/www.ttc-wollerau.ch\/index.php?rest_route=\/wp\/v2\/types\/page"}],"author":[{"embeddable":true,"href":"https:\/\/www.ttc-wollerau.ch\/index.php?rest_route=\/wp\/v2\/users\/1"}],"replies":[{"embeddable":true,"href":"https:\/\/www.ttc-wollerau.ch\/index.php?rest_route=%2Fwp%2Fv2%2Fcomments&post=9"}],"version-history":[{"count":43,"href":"https:\/\/www.ttc-wollerau.ch\/index.php?rest_route=\/wp\/v2\/pages\/9\/revisions"}],"predecessor-version":[{"id":1311,"href":"https:\/\/www.ttc-wollerau.ch\/index.php?rest_route=\/wp\/v2\/pages\/9\/revisions\/1311"}],"wp:attachment":[{"href":"https:\/\/www.ttc-wollerau.ch\/index.php?rest_route=%2Fwp%2Fv2%2Fmedia&parent=9"}],"curies":[{"name":"wp","href":"https:\/\/api.w.org\/{rel}","templated":true}]}}